{"id":865,"date":"2023-01-17T17:34:40","date_gmt":"2023-01-17T16:34:40","guid":{"rendered":"https:\/\/etesd.org\/?page_id=865"},"modified":"2024-12-19T21:32:25","modified_gmt":"2024-12-19T20:32:25","slug":"partners","status":"publish","type":"page","link":"https:\/\/etesd.org\/en\/partners\/","title":{"rendered":"Partners"},"content":{"rendered":"\t\t<div data-elementor-type=\"wp-page\" data-elementor-id=\"865\" class=\"elementor elementor-865\">\n\t\t\t\t\t\t<section class=\"elementor-section elementor-top-section elementor-element elementor-element-c277cb7 elementor-section-full_width elementor-section-height-default elementor-section-height-default\" data-id=\"c277cb7\" data-element_type=\"section\" data-settings=\"{&quot;background_background&quot;:&quot;classic&quot;}\">\n\t\t\t\t\t\t<div class=\"elementor-container elementor-column-gap-default\">\n\t\t\t\t\t<div class=\"elementor-column elementor-col-50 elementor-top-column elementor-element elementor-element-c8178a8\" data-id=\"c8178a8\" data-element_type=\"column\" data-settings=\"{&quot;background_background&quot;:&quot;classic&quot;}\">\n\t\t\t<div class=\"elementor-widget-wrap elementor-element-populated\">\n\t\t\t\t\t\t<div class=\"elementor-element elementor-element-00559db elementor-widget elementor-widget-heading\" data-id=\"00559db\" data-element_type=\"widget\" data-widget_type=\"heading.default\">\n\t\t\t\t<div class=\"elementor-widget-container\">\n\t\t\t<h3 class=\"elementor-heading-title elementor-size-default\">Partners<\/h3>\t\t<\/div>\n\t\t\t\t<\/div>\n\t\t\t\t\t<\/div>\n\t\t<\/div>\n\t\t\t\t<div class=\"elementor-column elementor-col-50 elementor-top-column elementor-element elementor-element-9bd69eb\" data-id=\"9bd69eb\" data-element_type=\"column\">\n\t\t\t<div class=\"elementor-widget-wrap\">\n\t\t\t\t\t\t\t<\/div>\n\t\t<\/div>\n\t\t\t\t\t<\/div>\n\t\t<\/section>\n\t\t\t\t<section class=\"elementor-section elementor-top-section elementor-element elementor-element-af9fe33 elementor-section-full_width elementor-section-height-default elementor-section-height-default\" data-id=\"af9fe33\" data-element_type=\"section\" data-settings=\"{&quot;background_background&quot;:&quot;classic&quot;}\">\n\t\t\t\t\t\t<div class=\"elementor-container elementor-column-gap-default\">\n\t\t\t\t\t<div class=\"elementor-column elementor-col-50 elementor-top-column elementor-element elementor-element-5ef522d\" data-id=\"5ef522d\" data-element_type=\"column\">\n\t\t\t<div class=\"elementor-widget-wrap elementor-element-populated\">\n\t\t\t\t\t\t<div class=\"elementor-element elementor-element-c45ad38 elementor-widget__width-initial elementor-widget elementor-widget-heading\" data-id=\"c45ad38\" data-element_type=\"widget\" data-widget_type=\"heading.default\">\n\t\t\t\t<div class=\"elementor-widget-container\">\n\t\t\t<h3 class=\"elementor-heading-title elementor-size-default\">Supporting Partners<\/h3>\t\t<\/div>\n\t\t\t\t<\/div>\n\t\t\t\t<div class=\"elementor-element elementor-element-dea8fec elementor-widget__width-initial elementor-widget elementor-widget-text-editor\" data-id=\"dea8fec\" data-element_type=\"widget\" data-widget_type=\"text-editor.default\">\n\t\t\t\t<div class=\"elementor-widget-container\">\n\t\t\t\t\t\t\t<p><strong>The generosity of our supporters makes our work possible, bringing us closer to achieving our goal to effect positive societal changes via food and gastronomy.<\/strong><\/p><p><strong>We are proud to be supported by:<\/strong><\/p>\t\t\t\t\t\t<\/div>\n\t\t\t\t<\/div>\n\t\t\t\t<section class=\"elementor-section elementor-inner-section elementor-element elementor-element-09fc567 elementor-section-boxed elementor-section-height-default elementor-section-height-default\" data-id=\"09fc567\" data-element_type=\"section\">\n\t\t\t\t\t\t<div class=\"elementor-container elementor-column-gap-default\">\n\t\t\t\t\t<div class=\"elementor-column elementor-col-16 elementor-inner-column elementor-element elementor-element-c5ad2ce\" data-id=\"c5ad2ce\" data-element_type=\"column\">\n\t\t\t<div class=\"elementor-widget-wrap elementor-element-populated\">\n\t\t\t\t\t\t<div class=\"elementor-element elementor-element-e9fa3a4 elementor-widget elementor-widget-image\" data-id=\"e9fa3a4\" data-element_type=\"widget\" data-widget_type=\"image.default\">\n\t\t\t\t<div class=\"elementor-widget-container\">\n\t\t\t\t\t\t\t\t\t\t\t\t\t\t<a href=\"https:\/\/www.fuserwise.com\/\">\n\t\t\t\t\t\t\t<img decoding=\"async\" data-src=\"https:\/\/etesd.org\/wp-content\/uploads\/elementor\/thumbs\/logo-fuserwise-qyr5myl8u3pr5o9n0cq45to0483bmr3pn0xcgb7yvw.png\" title=\"logo-fuserwise.png\" alt=\"logo-fuserwise.png\" loading=\"lazy\" src=\"data:image\/gif;base64,R0lGODlhAQABAAAAACH5BAEKAAEALAAAAAABAAEAAAICTAEAOw==\" class=\"lazyload\" style=\"--smush-placeholder-width: 150px; --smush-placeholder-aspect-ratio: 150\/150;\" \/><noscript><img decoding=\"async\" src=\"https:\/\/etesd.org\/wp-content\/uploads\/elementor\/thumbs\/logo-fuserwise-qyr5myl8u3pr5o9n0cq45to0483bmr3pn0xcgb7yvw.png\" title=\"logo-fuserwise.png\" alt=\"logo-fuserwise.png\" loading=\"lazy\" \/><\/noscript>\t\t\t\t\t\t\t\t<\/a>\n\t\t\t\t\t\t\t\t\t\t\t\t\t<\/div>\n\t\t\t\t<\/div>\n\t\t\t\t\t<\/div>\n\t\t<\/div>\n\t\t\t\t<div class=\"elementor-column elementor-col-16 elementor-inner-column elementor-element elementor-element-9ff36f6\" data-id=\"9ff36f6\" data-element_type=\"column\">\n\t\t\t<div class=\"elementor-widget-wrap elementor-element-populated\">\n\t\t\t\t\t\t<div class=\"elementor-element elementor-element-e121092 elementor-widget elementor-widget-image\" data-id=\"e121092\" data-element_type=\"widget\" data-widget_type=\"image.default\">\n\t\t\t\t<div class=\"elementor-widget-container\">\n\t\t\t\t\t\t\t\t\t\t\t\t\t\t<a href=\"https:\/\/www.lenovo.com\/hu\/hu\/\">\n\t\t\t\t\t\t\t<img decoding=\"async\" data-src=\"https:\/\/etesd.org\/wp-content\/uploads\/elementor\/thumbs\/logo-lenovo-qyr5n3afs9w6rq2t8wr90ahb35g5p8mdbo6rup100s.png\" title=\"logo-lenovo.png\" alt=\"logo-lenovo.png\" loading=\"lazy\" src=\"data:image\/gif;base64,R0lGODlhAQABAAAAACH5BAEKAAEALAAAAAABAAEAAAICTAEAOw==\" class=\"lazyload\" style=\"--smush-placeholder-width: 150px; --smush-placeholder-aspect-ratio: 150\/150;\" \/><noscript><img decoding=\"async\" src=\"https:\/\/etesd.org\/wp-content\/uploads\/elementor\/thumbs\/logo-lenovo-qyr5n3afs9w6rq2t8wr90ahb35g5p8mdbo6rup100s.png\" title=\"logo-lenovo.png\" alt=\"logo-lenovo.png\" loading=\"lazy\" \/><\/noscript>\t\t\t\t\t\t\t\t<\/a>\n\t\t\t\t\t\t\t\t\t\t\t\t\t<\/div>\n\t\t\t\t<\/div>\n\t\t\t\t\t<\/div>\n\t\t<\/div>\n\t\t\t\t<div class=\"elementor-column elementor-col-16 elementor-inner-column elementor-element elementor-element-1773b6d\" data-id=\"1773b6d\" data-element_type=\"column\">\n\t\t\t<div class=\"elementor-widget-wrap elementor-element-populated\">\n\t\t\t\t\t\t<div class=\"elementor-element elementor-element-b31fce8 elementor-widget elementor-widget-image\" data-id=\"b31fce8\" data-element_type=\"widget\" data-widget_type=\"image.default\">\n\t\t\t\t<div class=\"elementor-widget-container\">\n\t\t\t\t\t\t\t\t\t\t\t\t\t\t<a href=\"http:\/\/www.somashow.com\/\" target=\"_blank\">\n\t\t\t\t\t\t\t<img decoding=\"async\" data-src=\"https:\/\/etesd.org\/wp-content\/uploads\/elementor\/thumbs\/logo-soma-qyr5n7zmqg2mdrvzhgsduram22szrq510bg792u15o.png\" title=\"logo-soma.png\" alt=\"logo-soma.png\" loading=\"lazy\" src=\"data:image\/gif;base64,R0lGODlhAQABAAAAACH5BAEKAAEALAAAAAABAAEAAAICTAEAOw==\" class=\"lazyload\" style=\"--smush-placeholder-width: 150px; --smush-placeholder-aspect-ratio: 150\/150;\" \/><noscript><img decoding=\"async\" src=\"https:\/\/etesd.org\/wp-content\/uploads\/elementor\/thumbs\/logo-soma-qyr5n7zmqg2mdrvzhgsduram22szrq510bg792u15o.png\" title=\"logo-soma.png\" alt=\"logo-soma.png\" loading=\"lazy\" \/><\/noscript>\t\t\t\t\t\t\t\t<\/a>\n\t\t\t\t\t\t\t\t\t\t\t\t\t<\/div>\n\t\t\t\t<\/div>\n\t\t\t\t\t<\/div>\n\t\t<\/div>\n\t\t\t\t<div class=\"elementor-column elementor-col-16 elementor-inner-column elementor-element elementor-element-c42766c\" data-id=\"c42766c\" data-element_type=\"column\">\n\t\t\t<div class=\"elementor-widget-wrap elementor-element-populated\">\n\t\t\t\t\t\t<div class=\"elementor-element elementor-element-6d56403 elementor-widget elementor-widget-image\" data-id=\"6d56403\" data-element_type=\"widget\" data-widget_type=\"image.default\">\n\t\t\t\t<div class=\"elementor-widget-container\">\n\t\t\t\t\t\t\t\t\t\t\t\t\t\t<a href=\"https:\/\/aranbakery.hu\/\" target=\"_blank\">\n\t\t\t\t\t\t\t<img decoding=\"async\" data-src=\"https:\/\/etesd.org\/wp-content\/uploads\/elementor\/thumbs\/logo-aran-qyr5nbqzhs7ro7qiview4qcgfmagmijycu2566oggs.png\" title=\"logo-aran.png\" alt=\"logo-aran.png\" loading=\"lazy\" src=\"data:image\/gif;base64,R0lGODlhAQABAAAAACH5BAEKAAEALAAAAAABAAEAAAICTAEAOw==\" class=\"lazyload\" style=\"--smush-placeholder-width: 150px; --smush-placeholder-aspect-ratio: 150\/150;\" \/><noscript><img decoding=\"async\" src=\"https:\/\/etesd.org\/wp-content\/uploads\/elementor\/thumbs\/logo-aran-qyr5nbqzhs7ro7qiview4qcgfmagmijycu2566oggs.png\" title=\"logo-aran.png\" alt=\"logo-aran.png\" loading=\"lazy\" \/><\/noscript>\t\t\t\t\t\t\t\t<\/a>\n\t\t\t\t\t\t\t\t\t\t\t\t\t<\/div>\n\t\t\t\t<\/div>\n\t\t\t\t\t<\/div>\n\t\t<\/div>\n\t\t\t\t<div class=\"elementor-column elementor-col-16 elementor-inner-column elementor-element elementor-element-dd19b0e\" data-id=\"dd19b0e\" data-element_type=\"column\">\n\t\t\t<div class=\"elementor-widget-wrap elementor-element-populated\">\n\t\t\t\t\t\t<div class=\"elementor-element elementor-element-fd3b3c9 elementor-widget elementor-widget-image\" data-id=\"fd3b3c9\" data-element_type=\"widget\" data-widget_type=\"image.default\">\n\t\t\t\t<div class=\"elementor-widget-container\">\n\t\t\t\t\t\t\t\t\t\t\t\t\t\t<a href=\"https:\/\/ijoe.hu\/\" target=\"_blank\">\n\t\t\t\t\t\t\t<img decoding=\"async\" data-src=\"https:\/\/etesd.org\/wp-content\/uploads\/elementor\/thumbs\/logo-ijoe-qyr5nhe0msfhlvibykunjox7zxinwp6cdlz21ug3fg.png\" title=\"logo-ijoe.png\" alt=\"logo-ijoe.png\" loading=\"lazy\" src=\"data:image\/gif;base64,R0lGODlhAQABAAAAACH5BAEKAAEALAAAAAABAAEAAAICTAEAOw==\" class=\"lazyload\" style=\"--smush-placeholder-width: 150px; --smush-placeholder-aspect-ratio: 150\/150;\" \/><noscript><img decoding=\"async\" src=\"https:\/\/etesd.org\/wp-content\/uploads\/elementor\/thumbs\/logo-ijoe-qyr5nhe0msfhlvibykunjox7zxinwp6cdlz21ug3fg.png\" title=\"logo-ijoe.png\" alt=\"logo-ijoe.png\" loading=\"lazy\" \/><\/noscript>\t\t\t\t\t\t\t\t<\/a>\n\t\t\t\t\t\t\t\t\t\t\t\t\t<\/div>\n\t\t\t\t<\/div>\n\t\t\t\t\t<\/div>\n\t\t<\/div>\n\t\t\t\t<div class=\"elementor-column elementor-col-16 elementor-inner-column elementor-element elementor-element-34193a2\" data-id=\"34193a2\" data-element_type=\"column\">\n\t\t\t<div class=\"elementor-widget-wrap elementor-element-populated\">\n\t\t\t\t\t\t<div class=\"elementor-element elementor-element-b8ca3ce elementor-widget elementor-widget-image\" data-id=\"b8ca3ce\" data-element_type=\"widget\" data-widget_type=\"image.default\">\n\t\t\t\t<div class=\"elementor-widget-container\">\n\t\t\t\t\t\t\t\t\t\t\t\t\t\t<a href=\"https:\/\/nemsuti.hu\/\" target=\"_blank\">\n\t\t\t\t\t\t\t<img decoding=\"async\" data-src=\"https:\/\/etesd.org\/wp-content\/uploads\/elementor\/thumbs\/logo-nemsuti-qyr5nn11rsn7jja51naeynhzk8qv6vsqedvyxi7qe4.jpg\" title=\"logo-nemsuti.jpg\" alt=\"logo-nemsuti.jpg\" loading=\"lazy\" src=\"data:image\/gif;base64,R0lGODlhAQABAAAAACH5BAEKAAEALAAAAAABAAEAAAICTAEAOw==\" class=\"lazyload\" style=\"--smush-placeholder-width: 150px; --smush-placeholder-aspect-ratio: 150\/150;\" \/><noscript><img decoding=\"async\" src=\"https:\/\/etesd.org\/wp-content\/uploads\/elementor\/thumbs\/logo-nemsuti-qyr5nn11rsn7jja51naeynhzk8qv6vsqedvyxi7qe4.jpg\" title=\"logo-nemsuti.jpg\" alt=\"logo-nemsuti.jpg\" loading=\"lazy\" \/><\/noscript>\t\t\t\t\t\t\t\t<\/a>\n\t\t\t\t\t\t\t\t\t\t\t\t\t<\/div>\n\t\t\t\t<\/div>\n\t\t\t\t\t<\/div>\n\t\t<\/div>\n\t\t\t\t\t<\/div>\n\t\t<\/section>\n\t\t\t\t<section class=\"elementor-section elementor-inner-section elementor-element elementor-element-9135e66 elementor-section-boxed elementor-section-height-default elementor-section-height-default\" data-id=\"9135e66\" data-element_type=\"section\">\n\t\t\t\t\t\t<div class=\"elementor-container elementor-column-gap-default\">\n\t\t\t\t\t<div class=\"elementor-column elementor-col-16 elementor-inner-column elementor-element elementor-element-9f561d5\" data-id=\"9f561d5\" data-element_type=\"column\">\n\t\t\t<div class=\"elementor-widget-wrap elementor-element-populated\">\n\t\t\t\t\t\t<div class=\"elementor-element elementor-element-1f408a2 elementor-widget elementor-widget-image\" data-id=\"1f408a2\" data-element_type=\"widget\" data-widget_type=\"image.default\">\n\t\t\t\t<div class=\"elementor-widget-container\">\n\t\t\t\t\t\t\t\t\t\t\t\t\t\t<a href=\"https:\/\/www.spar.hu\/\" target=\"_blank\">\n\t\t\t\t\t\t\t<img decoding=\"async\" data-src=\"https:\/\/etesd.org\/wp-content\/uploads\/elementor\/thumbs\/logo-spar-qyr5qjd4uem1c92l4ee05f65i0glxaaxsqav77x17g.png\" title=\"logo-spar.png\" alt=\"logo-spar.png\" loading=\"lazy\" src=\"data:image\/gif;base64,R0lGODlhAQABAAAAACH5BAEKAAEALAAAAAABAAEAAAICTAEAOw==\" class=\"lazyload\" style=\"--smush-placeholder-width: 150px; --smush-placeholder-aspect-ratio: 150\/150;\" \/><noscript><img decoding=\"async\" src=\"https:\/\/etesd.org\/wp-content\/uploads\/elementor\/thumbs\/logo-spar-qyr5qjd4uem1c92l4ee05f65i0glxaaxsqav77x17g.png\" title=\"logo-spar.png\" alt=\"logo-spar.png\" loading=\"lazy\" \/><\/noscript>\t\t\t\t\t\t\t\t<\/a>\n\t\t\t\t\t\t\t\t\t\t\t\t\t<\/div>\n\t\t\t\t<\/div>\n\t\t\t\t\t<\/div>\n\t\t<\/div>\n\t\t\t\t<div class=\"elementor-column elementor-col-16 elementor-inner-column elementor-element elementor-element-09ff7d1\" data-id=\"09ff7d1\" data-element_type=\"column\">\n\t\t\t<div class=\"elementor-widget-wrap elementor-element-populated\">\n\t\t\t\t\t\t<div class=\"elementor-element elementor-element-4261d4a elementor-widget elementor-widget-image\" data-id=\"4261d4a\" data-element_type=\"widget\" data-widget_type=\"image.default\">\n\t\t\t\t<div class=\"elementor-widget-container\">\n\t\t\t\t\t\t\t\t\t\t\t\t\t\t<a href=\"https:\/\/www.kometa.hu\/\" target=\"_blank\">\n\t\t\t\t\t\t\t<img decoding=\"async\" data-src=\"https:\/\/etesd.org\/wp-content\/uploads\/elementor\/thumbs\/logo-kometa-qyr5qo2bsksgyavrcyf4zvzggxtfzrtlhdkallq2cc.png\" title=\"logo-kometa.png\" alt=\"logo-kometa.png\" loading=\"lazy\" src=\"data:image\/gif;base64,R0lGODlhAQABAAAAACH5BAEKAAEALAAAAAABAAEAAAICTAEAOw==\" class=\"lazyload\" style=\"--smush-placeholder-width: 150px; --smush-placeholder-aspect-ratio: 150\/150;\" \/><noscript><img decoding=\"async\" src=\"https:\/\/etesd.org\/wp-content\/uploads\/elementor\/thumbs\/logo-kometa-qyr5qo2bsksgyavrcyf4zvzggxtfzrtlhdkallq2cc.png\" title=\"logo-kometa.png\" alt=\"logo-kometa.png\" loading=\"lazy\" \/><\/noscript>\t\t\t\t\t\t\t\t<\/a>\n\t\t\t\t\t\t\t\t\t\t\t\t\t<\/div>\n\t\t\t\t<\/div>\n\t\t\t\t\t<\/div>\n\t\t<\/div>\n\t\t\t\t<div class=\"elementor-column elementor-col-16 elementor-inner-column elementor-element elementor-element-d50b6d3\" data-id=\"d50b6d3\" data-element_type=\"column\">\n\t\t\t<div class=\"elementor-widget-wrap elementor-element-populated\">\n\t\t\t\t\t\t<div class=\"elementor-element elementor-element-15ff530 elementor-widget elementor-widget-image\" data-id=\"15ff530\" data-element_type=\"widget\" data-widget_type=\"image.default\">\n\t\t\t\t<div class=\"elementor-widget-container\">\n\t\t\t\t\t\t\t\t\t\t\t\t\t\t<a href=\"https:\/\/webshop2.helit.hu\/\" target=\"_blank\">\n\t\t\t\t\t\t\t<img decoding=\"async\" data-src=\"https:\/\/etesd.org\/wp-content\/uploads\/elementor\/thumbs\/logo-helit-qyr5qvl1b92rj6ku51o5ju3580sdpcng6es6ftewyk.jpg\" title=\"logo-helit.jpg\" alt=\"logo-helit.jpg\" loading=\"lazy\" src=\"data:image\/gif;base64,R0lGODlhAQABAAAAACH5BAEKAAEALAAAAAABAAEAAAICTAEAOw==\" class=\"lazyload\" style=\"--smush-placeholder-width: 150px; --smush-placeholder-aspect-ratio: 150\/150;\" \/><noscript><img decoding=\"async\" src=\"https:\/\/etesd.org\/wp-content\/uploads\/elementor\/thumbs\/logo-helit-qyr5qvl1b92rj6ku51o5ju3580sdpcng6es6ftewyk.jpg\" title=\"logo-helit.jpg\" alt=\"logo-helit.jpg\" loading=\"lazy\" \/><\/noscript>\t\t\t\t\t\t\t\t<\/a>\n\t\t\t\t\t\t\t\t\t\t\t\t\t<\/div>\n\t\t\t\t<\/div>\n\t\t\t\t\t<\/div>\n\t\t<\/div>\n\t\t\t\t<div class=\"elementor-column elementor-col-16 elementor-inner-column elementor-element elementor-element-1d8ee5b\" data-id=\"1d8ee5b\" data-element_type=\"column\">\n\t\t\t<div class=\"elementor-widget-wrap elementor-element-populated\">\n\t\t\t\t\t\t<div class=\"elementor-element elementor-element-696414c elementor-widget elementor-widget-image\" data-id=\"696414c\" data-element_type=\"widget\" data-widget_type=\"image.default\">\n\t\t\t\t<div class=\"elementor-widget-container\">\n\t\t\t\t\t\t\t\t\t\t\t\t\t\t<a href=\"https:\/\/csomagolasz.hu\/\" target=\"_blank\">\n\t\t\t\t\t\t\t<img decoding=\"async\" data-src=\"https:\/\/etesd.org\/wp-content\/uploads\/elementor\/thumbs\/logo-csomagolasz-qyr5r182g9ahgucn843wysnwsc0kzj9u76p3bh6jx8.png\" title=\"logo-csomagolasz.png\" alt=\"logo-csomagolasz.png\" loading=\"lazy\" src=\"data:image\/gif;base64,R0lGODlhAQABAAAAACH5BAEKAAEALAAAAAABAAEAAAICTAEAOw==\" class=\"lazyload\" style=\"--smush-placeholder-width: 150px; --smush-placeholder-aspect-ratio: 150\/150;\" \/><noscript><img decoding=\"async\" src=\"https:\/\/etesd.org\/wp-content\/uploads\/elementor\/thumbs\/logo-csomagolasz-qyr5r182g9ahgucn843wysnwsc0kzj9u76p3bh6jx8.png\" title=\"logo-csomagolasz.png\" alt=\"logo-csomagolasz.png\" loading=\"lazy\" \/><\/noscript>\t\t\t\t\t\t\t\t<\/a>\n\t\t\t\t\t\t\t\t\t\t\t\t\t<\/div>\n\t\t\t\t<\/div>\n\t\t\t\t\t<\/div>\n\t\t<\/div>\n\t\t\t\t<div class=\"elementor-column elementor-col-16 elementor-inner-column elementor-element elementor-element-909ad1c\" data-id=\"909ad1c\" data-element_type=\"column\">\n\t\t\t<div class=\"elementor-widget-wrap elementor-element-populated\">\n\t\t\t\t\t\t<div class=\"elementor-element elementor-element-752a2b1 elementor-widget elementor-widget-image\" data-id=\"752a2b1\" data-element_type=\"widget\" data-widget_type=\"image.default\">\n\t\t\t\t<div class=\"elementor-widget-container\">\n\t\t\t\t\t\t\t\t\t\t\t\t\t\t<a href=\"https:\/\/buono.hu\/\" target=\"_blank\">\n\t\t\t\t\t\t\t<img decoding=\"async\" data-src=\"https:\/\/etesd.org\/wp-content\/uploads\/elementor\/thumbs\/logo-buono-qyr5ramgclncoxyzp866nqaiq6q94ib5kh7y48sm70.jpg\" title=\"logo-buono.jpg\" alt=\"logo-buono.jpg\" loading=\"lazy\" src=\"data:image\/gif;base64,R0lGODlhAQABAAAAACH5BAEKAAEALAAAAAABAAEAAAICTAEAOw==\" class=\"lazyload\" style=\"--smush-placeholder-width: 150px; --smush-placeholder-aspect-ratio: 150\/150;\" \/><noscript><img decoding=\"async\" src=\"https:\/\/etesd.org\/wp-content\/uploads\/elementor\/thumbs\/logo-buono-qyr5ramgclncoxyzp866nqaiq6q94ib5kh7y48sm70.jpg\" title=\"logo-buono.jpg\" alt=\"logo-buono.jpg\" loading=\"lazy\" \/><\/noscript>\t\t\t\t\t\t\t\t<\/a>\n\t\t\t\t\t\t\t\t\t\t\t\t\t<\/div>\n\t\t\t\t<\/div>\n\t\t\t\t\t<\/div>\n\t\t<\/div>\n\t\t\t\t<div class=\"elementor-column elementor-col-16 elementor-inner-column elementor-element elementor-element-dd76807\" data-id=\"dd76807\" data-element_type=\"column\">\n\t\t\t<div class=\"elementor-widget-wrap elementor-element-populated\">\n\t\t\t\t\t\t<div class=\"elementor-element elementor-element-61cbe99 elementor-widget elementor-widget-image\" data-id=\"61cbe99\" data-element_type=\"widget\" data-widget_type=\"image.default\">\n\t\t\t\t<div class=\"elementor-widget-container\">\n\t\t\t\t\t\t\t\t\t\t\t\t\t\t<a href=\"https:\/\/borganika.hu\/\" target=\"_blank\">\n\t\t\t\t\t\t\t<img decoding=\"async\" data-src=\"https:\/\/etesd.org\/wp-content\/uploads\/elementor\/thumbs\/logo-borganika-qyr5ri55v9xn9to2hbf77oe7h9p6u3509iftyghgt8.png\" title=\"logo-borganika.png\" alt=\"logo-borganika.png\" loading=\"lazy\" src=\"data:image\/gif;base64,R0lGODlhAQABAAAAACH5BAEKAAEALAAAAAABAAEAAAICTAEAOw==\" class=\"lazyload\" style=\"--smush-placeholder-width: 150px; --smush-placeholder-aspect-ratio: 150\/150;\" \/><noscript><img decoding=\"async\" src=\"https:\/\/etesd.org\/wp-content\/uploads\/elementor\/thumbs\/logo-borganika-qyr5ri55v9xn9to2hbf77oe7h9p6u3509iftyghgt8.png\" title=\"logo-borganika.png\" alt=\"logo-borganika.png\" loading=\"lazy\" \/><\/noscript>\t\t\t\t\t\t\t\t<\/a>\n\t\t\t\t\t\t\t\t\t\t\t\t\t<\/div>\n\t\t\t\t<\/div>\n\t\t\t\t\t<\/div>\n\t\t<\/div>\n\t\t\t\t\t<\/div>\n\t\t<\/section>\n\t\t\t\t<section class=\"elementor-section elementor-inner-section elementor-element elementor-element-7ccd6ef elementor-section-boxed elementor-section-height-default elementor-section-height-default\" data-id=\"7ccd6ef\" data-element_type=\"section\">\n\t\t\t\t\t\t<div class=\"elementor-container elementor-column-gap-default\">\n\t\t\t\t\t<div class=\"elementor-column elementor-col-33 elementor-inner-column elementor-element elementor-element-16b5d47\" data-id=\"16b5d47\" data-element_type=\"column\">\n\t\t\t<div class=\"elementor-widget-wrap elementor-element-populated\">\n\t\t\t\t\t\t<div class=\"elementor-element elementor-element-117ca8c elementor-widget elementor-widget-text-editor\" data-id=\"117ca8c\" data-element_type=\"widget\" data-widget_type=\"text-editor.default\">\n\t\t\t\t<div class=\"elementor-widget-container\">\n\t\t\t\t\t\t\t<p>ArisGlobal<br \/>British Embassy<br \/>Celanese<br \/>Centr\u00e1l M\u00e9dia \/Nosalty<br \/>CIB<br \/>Colgate Palmolive<br \/>Cserpes<br \/>Dumasz\u00ednh\u00e1z<\/p>\t\t\t\t\t\t<\/div>\n\t\t\t\t<\/div>\n\t\t\t\t\t<\/div>\n\t\t<\/div>\n\t\t\t\t<div class=\"elementor-column elementor-col-33 elementor-inner-column elementor-element elementor-element-24f0a4f\" data-id=\"24f0a4f\" data-element_type=\"column\">\n\t\t\t<div class=\"elementor-widget-wrap elementor-element-populated\">\n\t\t\t\t\t\t<div class=\"elementor-element elementor-element-997b01a elementor-widget elementor-widget-text-editor\" data-id=\"997b01a\" data-element_type=\"widget\" data-widget_type=\"text-editor.default\">\n\t\t\t\t<div class=\"elementor-widget-container\">\n\t\t\t\t\t\t\t<p>Eisberg<br \/>EIT Health<br \/>Frosta<br \/>Fr\u00fchker<br \/>Kifli.hu<br \/>Lego<br \/>Mezna<br \/>Nagyk\u00e1ta V\u00e1ros \u00d6nkorm\u00e1nyzata<\/p>\t\t\t\t\t\t<\/div>\n\t\t\t\t<\/div>\n\t\t\t\t\t<\/div>\n\t\t<\/div>\n\t\t\t\t<div class=\"elementor-column elementor-col-33 elementor-inner-column elementor-element elementor-element-9de7f86\" data-id=\"9de7f86\" data-element_type=\"column\">\n\t\t\t<div class=\"elementor-widget-wrap elementor-element-populated\">\n\t\t\t\t\t\t<div class=\"elementor-element elementor-element-1392c12 elementor-widget elementor-widget-text-editor\" data-id=\"1392c12\" data-element_type=\"widget\" data-widget_type=\"text-editor.default\">\n\t\t\t\t<div class=\"elementor-widget-container\">\n\t\t\t\t\t\t\t<p>Nissan<br \/>P\u00f6d\u00f6r Kft.<br \/>Poh\u00e1rcenter<br \/>Red Lemon<br \/>Saliverzum<br \/>S&amp;T<br \/>Starbucks<br \/>Zila K\u00e1v\u00e9h\u00e1z<\/p>\t\t\t\t\t\t<\/div>\n\t\t\t\t<\/div>\n\t\t\t\t\t<\/div>\n\t\t<\/div>\n\t\t\t\t\t<\/div>\n\t\t<\/section>\n\t\t\t\t\t<\/div>\n\t\t<\/div>\n\t\t\t\t<div class=\"elementor-column elementor-col-50 elementor-top-column elementor-element elementor-element-2f629a6\" data-id=\"2f629a6\" data-element_type=\"column\">\n\t\t\t<div class=\"elementor-widget-wrap elementor-element-populated\">\n\t\t\t\t\t\t<div class=\"elementor-element elementor-element-d948a56 elementor-widget elementor-widget-heading\" data-id=\"d948a56\" data-element_type=\"widget\" data-widget_type=\"heading.default\">\n\t\t\t\t<div class=\"elementor-widget-container\">\n\t\t\t<h3 class=\"elementor-heading-title elementor-size-default\">Collaborations<\/h3>\t\t<\/div>\n\t\t\t\t<\/div>\n\t\t\t\t<div class=\"elementor-element elementor-element-c413fef elementor-widget__width-initial elementor-widget elementor-widget-text-editor\" data-id=\"c413fef\" data-element_type=\"widget\" data-widget_type=\"text-editor.default\">\n\t\t\t\t<div class=\"elementor-widget-container\">\n\t\t\t\t\t\t\t<ul><li>Budapest 8th District Centre for Social Services and Child Welfare<\/li><li>Budapest 8th District Temporary Home for Families<\/li><li>Inclusive Kindergartens project: Katica Kindergarten \u2013 Budapest 8th District<\/li><li>E\u00f6tv\u00f6s J\u00f3zsef Primary School Budapest, 19th district<\/li><li>Kr\u00fady Gyula English Bilingual Primary School<\/li><li>Mont\u00e1gh Imre Primary School for Skills Development and Integrated Institute for Special Pedagogical Methodology<\/li><li>Primary School for the Blind<\/li><li>Szent Mikl\u00f3s Nursery School, Primary School, Secondary School, College and Children&#8217;s Home<\/li><li>Together for Autism Foundation<\/li><li>The Municipality of Budapest 8th District J\u00f3zsefv\u00e1ros<\/li><li>The Municipality of Nagyk\u00e1ta<\/li><li>Hungarian National Ambulance Service <em>(19 counties + Budapest)<\/em><\/li><li>Ambulance Service of the Hungarian Charity Service of the Order of Malta <em>(19 counties + Budapest)<\/em><\/li><li>50+ hospitals, vaccination stations, out-patient care centres<\/li><li>17 war refugee care institutions<\/li><li>7 further NGO organisations during the Covid pandemic<\/li><\/ul>\t\t\t\t\t\t<\/div>\n\t\t\t\t<\/div>\n\t\t\t\t\t<\/div>\n\t\t<\/div>\n\t\t\t\t\t<\/div>\n\t\t<\/section>\n\t\t\t\t<\/div>\n\t\t","protected":false},"excerpt":{"rendered":"<p>Partners Supporting Partners The generosity of our supporters makes our work possible, bringing us closer to achieving our goal to effect positive societal changes via food and gastronomy. We are proud to be supported by: ArisGlobalBritish EmbassyCelaneseCentr\u00e1l M\u00e9dia \/NosaltyCIBColgate PalmoliveCserpesDumasz\u00ednh\u00e1z EisbergEIT HealthFrostaFr\u00fchkerKifli.huLegoMeznaNagyk\u00e1ta V\u00e1ros \u00d6nkorm\u00e1nyzata NissanP\u00f6d\u00f6r Kft.Poh\u00e1rcenterRed LemonSaliverzumS&amp;TStarbucksZila K\u00e1v\u00e9h\u00e1z Collaborations Budapest 8th District Centre for Social &#8230; <a title=\"Partners\" class=\"read-more\" href=\"https:\/\/etesd.org\/en\/partners\/\" aria-label=\"More on Partners\">Read more<\/a><\/p>\n","protected":false},"author":5,"featured_media":0,"parent":0,"menu_order":0,"comment_status":"closed","ping_status":"closed","template":"elementor_header_footer","meta":{"footnotes":""},"class_list":["post-865","page","type-page","status-publish"],"_links":{"self":[{"href":"https:\/\/etesd.org\/en\/wp-json\/wp\/v2\/pages\/865","targetHints":{"allow":["GET"]}}],"collection":[{"href":"https:\/\/etesd.org\/en\/wp-json\/wp\/v2\/pages"}],"about":[{"href":"https:\/\/etesd.org\/en\/wp-json\/wp\/v2\/types\/page"}],"author":[{"embeddable":true,"href":"https:\/\/etesd.org\/en\/wp-json\/wp\/v2\/users\/5"}],"replies":[{"embeddable":true,"href":"https:\/\/etesd.org\/en\/wp-json\/wp\/v2\/comments?post=865"}],"version-history":[{"count":61,"href":"https:\/\/etesd.org\/en\/wp-json\/wp\/v2\/pages\/865\/revisions"}],"predecessor-version":[{"id":2523,"href":"https:\/\/etesd.org\/en\/wp-json\/wp\/v2\/pages\/865\/revisions\/2523"}],"wp:attachment":[{"href":"https:\/\/etesd.org\/en\/wp-json\/wp\/v2\/media?parent=865"}],"curies":[{"name":"wp","href":"https:\/\/api.w.org\/{rel}","templated":true}]}}